{"id":6,"date":"2024-07-05T17:59:46","date_gmt":"2024-07-05T15:59:46","guid":{"rendered":"https:\/\/asociacionaeti.com\/eu\/?page_id=6"},"modified":"2025-09-28T21:11:17","modified_gmt":"2025-09-28T19:11:17","slug":"inicio","status":"publish","type":"page","link":"https:\/\/asociacionaeti.com\/eu\/","title":{"rendered":"Inicio"},"content":{"rendered":"<section class=\"headerdiv wp-block-aetiweb-lp-header\"> \n    <div class=\"propioheader\"> \n        <svg viewBox=\"0 0 339.86 341.34\" xmlns=\"http:\/\/www.w3.org\/2000\/svg\" class=\"svglogo\"> \n            <defs> \n                <style>.cls-1 { fill: #fff; }<\/style>                 \n            <\/defs>             \n            <g id=\"Capa_2\" data-name=\"Capa 2\"> \n                <g id=\"Capa_1-2\" data-name=\"Capa 1\"> \n                    <path class=\"cls-1\" d=\"M168.05,76.75c2.68-22.86-2.91-41.45-23.23-54.25-15.92-10-40.6-7.45-54.56,5.12C79.59,37.24,74.57,49.2,73.64,63.14c-.18,2.77-1.17,3.49-3.64,3.3-1.7-.14-3.42,0-5.13,0-7.52,0-7.75,0-7-7.69,2.4-25.92,19.87-48.26,44.46-55.61,26.77-8,48.91-.32,67.47,19.61,2.58,2.78,4.55,6.13,7,9.44,3.14-3.22,5.16-6.9,7.87-10,11-12.83,24.9-20.2,41.61-21.65C254.09-1.94,275,10.15,288.41,33.9c9.38,16.57,10.06,34.71,3,52.71-8.14,20.69-23.37,33.66-44.69,38.9-21.1,5.2-39.95-.31-56.35-14.47-1.35-1.16-2.42-3.84-4.18-3.09-2,.87-.85,3.59-.95,5.48,1.82,12.1,1.1,22.48,7.89,32.28,8.45,12.18,19.93,19.24,34.65,20.63,26,2.46,47.32-15.13,51.5-39.92.1-.61.2-1.22.34-1.82.59-2.47-1.2-6.64,1.21-7.19,4.57-1,9.55-.48,14.34-.22,1.54.08,1.11,2,1,3.16-1.16,16-6.25,30.54-17.54,42.3-10.95,11.42-24.14,18.26-40.24,19.65C217.32,184.13,200,177,185.57,162a43.16,43.16,0,0,1-6.14-8.11c-2-3.51-3.44-2.69-5.2,0A60.13,60.13,0,0,1,147.68,177c-27.37,12.09-58.93,5-77.69-20.45C50.36,129.93,54.05,92.13,81.35,69.86c23.56-19.22,55.84-19.47,79.85.21C163.43,71.89,166,73.38,168.05,76.75Zm-91,42.36c-1.37,23.19,19.69,44.67,43.57,44.66,25.42,0,45.18-20.12,45.11-44.4a44.64,44.64,0,0,0-44.38-44.69C96.22,74.32,76.05,96.6,77.05,119.11Zm154.81-11.28c25.33,1.43,44.72-20.64,45-42.75.28-25.33-19.41-46-43.59-46-25.56-.05-45,19.49-45.18,45.26C187.89,87.65,208.59,108.87,231.86,107.83Z\"><\/path>                     \n                    <path class=\"cls-1\" d=\"M122.31,203.61c20,0,40,.09,59.95-.09,4,0,5.51.76,5.43,5.14-.24,12.84,0,12.84-13.05,12.84h-37c-1.93,0-4-.57-4,2.75.44,20.13-1.15,40.3.83,60.38,1.93,19.6,19.36,36.17,39,37.94,19.44,1.76,38.91.28,58.36.85,4.37.13,3.21-2.89,3.21-5.1q.08-54.19,0-108.41c0-6.29,0-6.29,6.52-6.31,11.18,0,11.18,0,11.18,11.09,0,34.47.07,68.94-.07,103.42,0,4.07,1,5.47,5.26,5.37,11.82-.28,23.65,0,35.47-.17,3.12,0,4.62.62,4.24,4.08-.49,4.41.23,9.17-.94,13-.44,1.46-8.21.81-12.49.82q-47.7.1-95.42,0c-13.34,0-26.6-.67-38.7-7.34-22.58-12.44-33.58-31.85-34-57.33-.29-16.81-.17-33.64,0-50.46,0-3.77-1-4.73-4.72-4.69-17,.21-34,0-51,.16-3.13,0-4.62-.65-4.33-4.09a61.23,61.23,0,0,0,0-9.48c-.27-3.64,1.34-4.47,4.7-4.45C81.35,203.67,101.83,203.61,122.31,203.61Z\"><\/path>                     \n                    <path class=\"cls-1\" d=\"M7.47,229.25c-2.37-2-5.24-3.68-7-6.15-1.34-1.86,1.25-3.47,2.43-4.95,8.94-11.15,17.87-22.31,27-33.34,1.7-2.07.83-3.25-.45-4.82Q15.73,163.19,2.2,146.3c-1-1.21-3.13-2.54-1.76-4.26a19.52,19.52,0,0,1,7.67-5.88c.4-.16,1.62,1.31,2.3,2.15q16.71,20.64,33.4,41.3c1.48,1.83,2.34,3.14.35,5.55-11.27,13.69-22.3,27.59-33.45,41.38C9.86,227.59,9.09,228.86,7.47,229.25Z\"><\/path>                     \n                    <path class=\"cls-1\" d=\"M332.36,136.35c2.42,1.86,5.33,3.41,7.18,5.79,1.17,1.5-1.17,3.22-2.31,4.65-9,11.15-17.81,22.38-26.91,33.4-1.89,2.3-1.39,3.73.17,5.63q14.16,17.27,28.25,34.58c1.08,1.33,1.62,2.72-.25,3.94-.52.34-.95.84-1.45,1.21-5.93,4.33-4.25,5.36-9.44-1.08q-15.51-19.26-31.29-38.3c-2.06-2.48-2.24-4.18-.18-6.7C307.16,166,318,152.45,329,139,329.87,137.91,330.6,136.55,332.36,136.35Z\"><\/path>                     \n                <\/g>                 \n            <\/g>             \n        <\/svg>         \n        <div class=\"contenidoCTA\"> \n            <h1>Tu primera asociaci\u00f3n de Traducci\u00f3n e Interpretaci\u00f3n<\/h1> \n            <h2>Somos AETI, la \u00fanica asociaci\u00f3n por y para estudiantes de Traducci\u00f3n e Interpretaci\u00f3n de toda Espa\u00f1a<\/h2> \n            <div class=\"botonrssCTA\"> <a href=\"https:\/\/forms.gle\/fCMWfoEnt1yXLGgL8\" target=\"_blank\"><button>\n                        As\u00f3ciate                    <\/button><\/a> \n                <div class=\"rrss\"> <a href=\"https:\/\/x.com\/aetioficial\" target=\"_blank\"><svg xmlns=\"http:\/\/www.w3.org\/2000\/svg\" xmlns:xlink=\"http:\/\/www.w3.org\/1999\/xlink\" viewBox=\"0 0 50 50\" width=\"50px\" height=\"50px\" class=\"svgrrss\"> \n                            <g id=\"surface9050440\"> \n                                <path style=\" stroke:none;fill-rule:nonzero;fill:rgb(100%,100%,100%);fill-opacity:1;\" d=\"M 50.0625 10.4375 C 48.214844 11.257812 46.234375 11.808594 44.152344 12.058594 C 46.277344 10.785156 47.910156 8.769531 48.675781 6.371094 C 46.691406 7.546875 44.484375 8.402344 42.144531 8.863281 C 40.269531 6.863281 37.597656 5.617188 34.640625 5.617188 C 28.960938 5.617188 24.355469 10.21875 24.355469 15.898438 C 24.355469 16.703125 24.449219 17.488281 24.625 18.242188 C 16.078125 17.8125 8.503906 13.71875 3.429688 7.496094 C 2.542969 9.019531 2.039062 10.785156 2.039062 12.667969 C 2.039062 16.234375 3.851562 19.382812 6.613281 21.230469 C 4.925781 21.175781 3.339844 20.710938 1.953125 19.941406 C 1.953125 19.984375 1.953125 20.027344 1.953125 20.070312 C 1.953125 25.054688 5.5 29.207031 10.199219 30.15625 C 9.339844 30.390625 8.429688 30.515625 7.492188 30.515625 C 6.828125 30.515625 6.183594 30.453125 5.554688 30.328125 C 6.867188 34.410156 10.664062 37.390625 15.160156 37.472656 C 11.644531 40.230469 7.210938 41.871094 2.390625 41.871094 C 1.558594 41.871094 0.742188 41.824219 -0.0585938 41.726562 C 4.488281 44.648438 9.894531 46.347656 15.703125 46.347656 C 34.617188 46.347656 44.960938 30.679688 44.960938 17.09375 C 44.960938 16.648438 44.949219 16.199219 44.933594 15.761719 C 46.941406 14.3125 48.683594 12.5 50.0625 10.4375 Z M 50.0625 10.4375 \"><\/path>                                 \n                            <\/g>                             \n                        <\/svg><\/a> <a href=\"https:\/\/www.instagram.com\/aetioficial\/\" target=\"_blank\"><svg xmlns=\"http:\/\/www.w3.org\/2000\/svg\" xmlns:xlink=\"http:\/\/www.w3.org\/1999\/xlink\" viewBox=\"0 0 50 50\" width=\"50px\" height=\"50px\" class=\"svgrrss\"> \n                            <g id=\"surface9038227\"> \n                                <path style=\" stroke:none;fill-rule:nonzero;fill:rgb(100%,100%,100%);fill-opacity:1;\" d=\"M 16 3 C 8.828125 3 3 8.828125 3 16 L 3 34 C 3 41.171875 8.828125 47 16 47 L 34 47 C 41.171875 47 47 41.171875 47 34 L 47 16 C 47 8.828125 41.171875 3 34 3 Z M 37 11 C 38.101562 11 39 11.898438 39 13 C 39 14.101562 38.101562 15 37 15 C 35.898438 15 35 14.101562 35 13 C 35 11.898438 35.898438 11 37 11 Z M 25 14 C 31.070312 14 36 18.929688 36 25 C 36 31.070312 31.070312 36 25 36 C 18.929688 36 14 31.070312 14 25 C 14 18.929688 18.929688 14 25 14 Z M 25 16 C 20.039062 16 16 20.039062 16 25 C 16 29.960938 20.039062 34 25 34 C 29.960938 34 34 29.960938 34 25 C 34 20.039062 29.960938 16 25 16 Z M 25 16 \"><\/path>                                 \n                            <\/g>                             \n                        <\/svg><\/a> \n                <\/div>                 \n            <\/div>             \n        <\/div>         \n    <\/div>     \n<\/section>\n\n<section class=\"puntosfuertes wp-block-aetiweb-lp-puntosfuertes\"> \n    <h2>Descubre nuestros puntos fuertes<\/h2> \n        <div class=\"contenedorcolumnas\" >\n        \n<div class=\"colpfuertes wp-block-aetiweb-puntofuerte\"> \n            <svg xmlns=\"http:\/\/www.w3.org\/2000\/svg\" xmlns:xlink=\"http:\/\/www.w3.org\/1999\/xlink\" width=\"95.143\" height=\"83.774\" viewBox=\"0 0 95.143 83.774\" class=\"svgpfuertes\"> \n    <defs> \n        <linearGradient id=\"linear-gradient\" x1=\"0.5\" x2=\"0.5\" y2=\"1\" gradientUnits=\"objectBoundingBox\"> \n            <stop offset=\"0\" stop-color=\"#4f69b0\"><\/stop>             \n            <stop offset=\"1\" stop-color=\"#52b8ce\"><\/stop>             \n        <\/linearGradient>         \n    <\/defs>     \n    <g id=\"Speech_Bubble_48_\" transform=\"translate(0 -30.536)\"> \n        <g id=\"Grupo_11\" data-name=\"Grupo 11\" transform=\"translate(0 30.536)\"> \n            <path id=\"Trazado_24\" data-name=\"Trazado 24\" d=\"M13.849,114.31H7.107l4.767-4.767A16.132,16.132,0,0,0,16.481,100,36.332,36.332,0,0,1,2.244,83.169,32.97,32.97,0,0,1,1.29,62.042,41.36,41.36,0,0,1,17.138,39.916c8.5-6.137,19.076-9.38,30.592-9.38,14.507,0,26.735,4.168,35.361,12.053a36.181,36.181,0,0,1,9.024,41.447A37.216,37.216,0,0,1,83.07,96.624c-8.638,7.916-20.858,12.1-35.34,12.1a64.3,64.3,0,0,1-15.994-2.035,24.981,24.981,0,0,1-17.888,7.62ZM47.73,36.121c-23.092,0-37.261,13.771-41.06,27.419-3.59,12.9,1.7,25.084,14.156,32.6l1.392.84L22.176,98.6a21.991,21.991,0,0,1-2.224,9.113,19.782,19.782,0,0,0,8.748-5.985l1.181-1.395,1.751.524a57.763,57.763,0,0,0,16.1,2.279c28.739,0,41.828-17.4,41.828-33.569A30.713,30.713,0,0,0,79.324,46.711c-7.579-6.928-18.5-10.591-31.593-10.591Z\" transform=\"translate(0 -30.536)\" fill=\"url(#linear-gradient)\"><\/path>             \n        <\/g>         \n    <\/g>     \n<\/svg>         \n    <h3>Nuestras charlas<\/h3> \n    <p>AETI organiza varias charlas con traductores referentes de Espa\u00f1a<\/p> \n<\/div>\n\n<div class=\"colpfuertes wp-block-aetiweb-puntofuerte\"> \n                <img decoding=\"async\" src=\"https:\/\/asociacionaeti.com\/wp-content\/uploads\/2024\/07\/image.svg\" class=\"svgpfuertes wp-image-2727\"\/>\n     \n    <h3>TeInteresa<\/h3> \n    <p>La revista de AETI que trata varios temas de nuestro oficio<\/p> \n<\/div>\n\n<div class=\"colpfuertes wp-block-aetiweb-puntofuerte\"> \n                <img decoding=\"async\" src=\"https:\/\/asociacionaeti.com\/wp-content\/uploads\/2024\/07\/image-1.svg\" class=\"svgpfuertes wp-image-2728\"\/>\n     \n    <h3>Vocal\u00edas y comisiones<\/h3> \n    <p>Lleva AETI a tu facultad y gana experiencia mientras estudias<\/p> \n<\/div>\n\n<div class=\"colpfuertes wp-block-aetiweb-puntofuerte\"> \n                <img decoding=\"async\" src=\"https:\/\/asociacionaeti.com\/wp-content\/uploads\/2024\/07\/image-2.svg\" class=\"svgpfuertes wp-image-2729\"\/>\n     \n    <h3>ENETI<\/h3> \n    <p>El ENETI es un encuentro nacional de estudiantes de TeI<\/p> \n<\/div>\n\n<div class=\"colpfuertes wp-block-aetiweb-puntofuerte\"> \n                <img decoding=\"async\" src=\"https:\/\/asociacionaeti.com\/wp-content\/uploads\/2024\/07\/image-3.svg\" class=\"svgpfuertes wp-image-2730\"\/>\n     \n    <h3>Recursos<\/h3> \n    <p>AETI pone a disposici\u00f3n distintos recursos para sus socios<\/p> \n<\/div>\n\n<div class=\"colpfuertes wp-block-aetiweb-puntofuerte\"> \n                <img decoding=\"async\" src=\"https:\/\/asociacionaeti.com\/wp-content\/uploads\/2024\/07\/image-4.svg\" class=\"svgpfuertes wp-image-2731\"\/>\n     \n    <h3>Colaboraciones<\/h3> \n    <p>Disponemos de colaboraciones con empresas para nuestros socios<\/p> \n<\/div>\n    <\/div>     \n<\/section>\n\n<section class=\"seccion2 wp-block-aetiweb-lp-ventajas\"> \n    <div class=\"contenedorseccion2\"> \n        <div class=\"colseccion2\"> \n            <div class=\"aetinumeros\"> \n                <h2>AETI en n\u00fameros<\/h2> \n                    <div class=\"numeros\" >\n                    \n<div class=\"colnumero wp-block-aetiweb-contador\"> \n    <h2>13<\/h2> \n    <p>a\u00f1os<\/p> \n<\/div>\n\n<div class=\"colnumero wp-block-aetiweb-contador\"> \n    <h2>24<\/h2> \n    <p>vocal\u00edas<\/p> \n<\/div>\n\n<div class=\"colnumero wp-block-aetiweb-contador\"> \n    <h2>6<\/h2> \n    <p>comisiones<\/p> \n<\/div>\n\n<div class=\"colnumero wp-block-aetiweb-contador\"> \n    <h2>+60<\/h2> \n    <p>art\u00edculos<\/p> \n<\/div>\n\n<div class=\"colnumero wp-block-aetiweb-contador\"> \n    <h2>+200<\/h2> \n    <p>actividades<\/p> \n<\/div>\n\n<div class=\"colnumero wp-block-aetiweb-contador\"> \n    <h2>23<\/h2> \n    <p>ENETI<\/p> \n<\/div>\n\n<div class=\"colnumero wp-block-aetiweb-contador\"> \n    <h2>6<\/h2> \n    <p>colaboraciones<br>con empresas<\/p> \n<\/div>\n                <\/div>                 \n            <\/div>             \n        <\/div>         \n        <div class=\"colseccion2\"> \n            <div class=\"contenedortextoseccion\"> \n                <div class=\"separador\"><\/div>                 \n                <div class=\"textocolumna\"> \n                    <h2>Principales ventajas de asociarte a AETI<\/h2> \n                    <ul>\n                        <li>Inscripci\u00f3n gratuita en los eventos de las vocal\u00edas<\/li><li>Preferencia\u00a0de inscripci\u00f3n para el ENETI<\/li><li>Acceso a nuestra lista de distribuci\u00f3n<\/li><li>Obtenci\u00f3n de descuentos en cursos, charlas y productos gracias a las colaboraciones con empresas<\/li><li>Obtenci\u00f3n del bolet\u00edn mensual con las novedades y eventos de nuestra profesi\u00f3n<\/li>                    <\/ul>                     \n                <\/div>                 \n            <\/div>             \n        <\/div>         \n    <\/div>     \n<\/section>\n\n<section class=\"faq wp-block-aetiweb-lp-faq\"> \n        <div class=\"contenedorfaq\" >\n        \n<div class=\"colseccion2 wp-block-aetiweb-preguntafrecuente\"> \n    <div class=\"accordion\"> \n        <div class=\"accordion-item\"> \n            <div class=\"accordion-item-header\"> \n                <h2>\u00bfAETI es solo para estudiantes?<\/h2> \n            <\/div>             \n            <div class=\"accordion-item-body\"> \n                <div class=\"accordion-item-body-content\"> \n                    <p>S\u00ed. Todo el estudiantado de cualquier Grado o M\u00e1ster relacionado con la traducci\u00f3n y la interpretaci\u00f3n puede formar parte de AETI. Adem\u00e1s, existe un a\u00f1o de pr\u00f3rroga tras finalizar los estudios.<\/p> \n                <\/div>                 \n            <\/div>             \n        <\/div>         \n    <\/div>     \n<\/div>\n\n<div class=\"colseccion2 wp-block-aetiweb-preguntafrecuente\"> \n    <div class=\"accordion\"> \n        <div class=\"accordion-item\"> \n            <div class=\"accordion-item-header\"> \n                <h2>\u00bfQu\u00e9 son las vocal\u00edas y comisiones?<\/h2> \n            <\/div>             \n            <div class=\"accordion-item-body\"> \n                <div class=\"accordion-item-body-content\"> \n                    <p>Las vocal\u00edas son el puente entre la asociaci\u00f3n y el estudiantado. Los vocales no solo se encargan de representar a todos los socios en las Asambleas de Vocales y Comisiones, sino que tambi\u00e9n se comprometen a organizar todo tipo de actividades.<br><br>Las comisiones son el motor de la AETI. Se encargan del funcionamiento diario de las redes sociales, la p\u00e1gina web, los carteles de las actividades de AETI y mucho m\u00e1s.<\/p> \n                <\/div>                 \n            <\/div>             \n        <\/div>         \n    <\/div>     \n<\/div>\n\n<div class=\"colseccion2 wp-block-aetiweb-preguntafrecuente\"> \n    <div class=\"accordion\"> \n        <div class=\"accordion-item\"> \n            <div class=\"accordion-item-header\"> \n                <h2>\u00bfQu\u00e9 son la lista de distribuci\u00f3n y el bolet\u00edn?<\/h2> \n            <\/div>             \n            <div class=\"accordion-item-body\"> \n                <div class=\"accordion-item-body-content\"> \n                    <p>La lista de distribuci\u00f3n es una herramienta que AETI pone a disposici\u00f3n de sus socios\/as para que puedan hablar entre ellos. Es muy \u00fatil para hacer contactos o preguntas acerca de un texto, d\u00f3nde estudiar, etc.<br><br>El bolet\u00edn es un documento privado para socios\/as que se recibe mensualmente y contiene novedades sobre qu\u00e9 est\u00e1 ocurriendo en nuestra profesi\u00f3n, adem\u00e1s de nuevos cursos, charlas, congresos, etc. y los \u00faltimos art\u00edculos de nuestra revista TeInteresa.<\/p> \n                <\/div>                 \n            <\/div>             \n        <\/div>         \n    <\/div>     \n<\/div>\n\n<div class=\"colseccion2 wp-block-aetiweb-preguntafrecuente\"> \n    <div class=\"accordion\"> \n        <div class=\"accordion-item\"> \n            <div class=\"accordion-item-header\"> \n                <h2>\u00bfC\u00f3mo puedo enterarme de las charlas de AETI?<\/h2> \n            <\/div>             \n            <div class=\"accordion-item-body\"> \n                <div class=\"accordion-item-body-content\"> \n                    <p>A trav\u00e9s de la web de AETI, en nuestro apartado \u00abEventos\u00bb. Igualmente, en nuestras redes sociales y en el bolet\u00edn tambi\u00e9n anunciamos los eventos.<\/p> \n                <\/div>                 \n            <\/div>             \n        <\/div>         \n    <\/div>     \n<\/div>\n\n<div class=\"colseccion2 wp-block-aetiweb-preguntafrecuente\"> \n    <div class=\"accordion\"> \n        <div class=\"accordion-item\"> \n            <div class=\"accordion-item-header\"> \n                <h2>\u00bfQu\u00e9 es el ENETI?<\/h2> \n            <\/div>             \n            <div class=\"accordion-item-body\"> \n                <div class=\"accordion-item-body-content\"> \n                    <p>Es el Encuentro Nacional de Estudiantes de Traducci\u00f3n e Interpretaci\u00f3n, un congreso sin \u00e1nimo de lucro celebrado anualmente en una de las universidades entre las que imparten estudios de Traducci\u00f3n e Interpretaci\u00f3n en Espa\u00f1a.<br><br>Si quieres saber m\u00e1s sobre el ENETI, visita la secci\u00f3n \u00abENETI\u00bb de nuestra web.<\/p> \n                <\/div>                 \n            <\/div>             \n        <\/div>         \n    <\/div>     \n<\/div>\n    <\/div>     \n<\/section>\n\n<section class=\"seccionasociarse wp-block-aetiweb-lp-asociarse\"> \n    <div class=\"contenedorasociarse\"> \n        <h2>As\u00f3ciate en tres sencillos pasos<\/h2> \n        <div class=\"pasosasociarse\"> \n            <div class=\"colpasos\"> \n                <p>1. Debes cursar el Grado en Traducci\u00f3n e Interpretaci\u00f3n o un m\u00e1ster o posgrado relacionado en el Estado espa\u00f1ol. Si estudias un Doctorado, escr\u00edbenos y estudiaremos tu caso.<\/p> \n                <p>2. El periodo de inscripci\u00f3n comienza en septiembre y se debe renovar anualmente. La cuota es de 10 euros si te asocias durante el primer cuatrimestre (de septiembre a diciembre) o de 5 euros si te asocias durante el segundo cuatrimestre (de enero a junio).\u00a0<\/p> \n            <\/div>             \n            <div class=\"colpasos\"> \n                <p>3. Para asociarte, debes rellenar el formulario de inscripci\u00f3n. Una vez enviado, recibir\u00e1s un correo de confirmaci\u00f3n en el que se te notificar\u00e1 que la solicitud se ha completado correctamente.<br><br>A la mayor brevedad posible, se gestionar\u00e1 tu inscripci\u00f3n y se te dar\u00e1n las instrucciones correspondientes para finalizar el proceso.<\/p> \n            <\/div>             \n        <\/div>         <a href=\"https:\/\/forms.gle\/fCMWfoEnt1yXLGgL8\" target=\"_blank\"><button>\u00a1As\u00f3ciate!<\/button><\/a> \n    <\/div>     \n<\/section>","protected":false},"excerpt":{"rendered":"","protected":false},"author":1,"featured_media":0,"parent":0,"menu_order":0,"comment_status":"closed","ping_status":"closed","template":"","meta":{"_acf_changed":false,"inline_featured_image":false,"footnotes":""},"class_list":["post-6","page","type-page","status-publish","hentry"],"acf":[],"_links":{"self":[{"href":"https:\/\/asociacionaeti.com\/eu\/wp-json\/wp\/v2\/pages\/6","targetHints":{"allow":["GET"]}}],"collection":[{"href":"https:\/\/asociacionaeti.com\/eu\/wp-json\/wp\/v2\/pages"}],"about":[{"href":"https:\/\/asociacionaeti.com\/eu\/wp-json\/wp\/v2\/types\/page"}],"author":[{"embeddable":true,"href":"https:\/\/asociacionaeti.com\/eu\/wp-json\/wp\/v2\/users\/1"}],"replies":[{"embeddable":true,"href":"https:\/\/asociacionaeti.com\/eu\/wp-json\/wp\/v2\/comments?post=6"}],"version-history":[{"count":6,"href":"https:\/\/asociacionaeti.com\/eu\/wp-json\/wp\/v2\/pages\/6\/revisions"}],"predecessor-version":[{"id":70,"href":"https:\/\/asociacionaeti.com\/eu\/wp-json\/wp\/v2\/pages\/6\/revisions\/70"}],"wp:attachment":[{"href":"https:\/\/asociacionaeti.com\/eu\/wp-json\/wp\/v2\/media?parent=6"}],"curies":[{"name":"wp","href":"https:\/\/api.w.org\/{rel}","templated":true}]}}