{"id":16,"date":"2024-07-05T18:00:47","date_gmt":"2024-07-05T16:00:47","guid":{"rendered":"https:\/\/asociacionaeti.com\/eu\/?page_id=16"},"modified":"2025-09-28T21:53:30","modified_gmt":"2025-09-28T19:53:30","slug":"eneti","status":"publish","type":"page","link":"https:\/\/asociacionaeti.com\/ca\/eneti\/","title":{"rendered":"ENETI"},"content":{"rendered":"<section class=\"seccion-titulopg wp-block-aetiweb-pg-titulo\">\n    <div class=\"titulocontenedor\"> \n        <h1>ENETI<\/h1> \n    <\/div>\n<\/section>\n\n<section class=\"seccion-contenidoblogpg wp-block-aetiweb-contenedor\">\n        <div class=\"contenedor-contenido\" >\n        \n\n<p>El ENETI es el Encuentro Nacional de Estudiantes de Traducci\u00f3n e Interpretaci\u00f3n. Este congreso sin \u00e1nimo de lucro se celebra de forma anual en una de las universidades que imparten estudios de Traducci\u00f3n e Interpretaci\u00f3n en Espa\u00f1a. La AETI no es la responsable de la organizaci\u00f3n del evento, pues nuestra \u00fanica misi\u00f3n es velar por su celebraci\u00f3n.<\/p>\n\n\n\n<div style=\"height:30px\" aria-hidden=\"true\" class=\"wp-block-spacer\"><\/div>\n\n\n\n<p>\u00a0<\/p>\n\n\n\n<h2 class=\"wp-block-heading\">\u00bfA qui\u00e9n va dirigido?<\/h2>\n\n\n\n<p>El ENETI es un evento dirigido principalmente al estudiantado de Traducci\u00f3n e Interpretaci\u00f3n, pero tambi\u00e9n acoge a profesorado, asociaciones y profesionales del sector.<\/p>\n\n\n\n<div style=\"height:30px\" aria-hidden=\"true\" class=\"wp-block-spacer\"><\/div>\n\n\n\n<h2 class=\"wp-block-heading\">\u00bfCu\u00e1l es su principal objetivo?<\/h2>\n\n\n\n<div style=\"height:30px\" aria-hidden=\"true\" class=\"wp-block-spacer\"><\/div>\n\n\n\n<p>Su finalidad es servir como punto de encuentro entre el estudiantado de Traducci\u00f3n e Interpretaci\u00f3n de toda Espa\u00f1a, as\u00ed como de plataforma de di\u00e1logo con profesionales y asociaciones del sector. Las conferencias, mesas redondas y actividades del ENETI tienen un marcado car\u00e1cter did\u00e1ctico y formativo. Es tambi\u00e9n uno de los encuentros clave de la AETI.<\/p>\n\n\n\n<div style=\"height:30px\" aria-hidden=\"true\" class=\"wp-block-spacer\"><\/div>\n\n\n\n<h2 class=\"wp-block-heading\">\u00bfC\u00f3mo sale el ENETI adelante?<\/h2>\n\n\n\n<div style=\"height:30px\" aria-hidden=\"true\" class=\"wp-block-spacer\"><\/div>\n\n\n\n<p>El ENETI es el fruto de un gran esfuerzo. Este evento se organiza a\u00f1o tras a\u00f1o gracias al trabajo voluntario del propio estudiantado.<\/p>\n\n\n\n<div style=\"height:30px\" aria-hidden=\"true\" class=\"wp-block-spacer\"><\/div>\n\n\n\n<h2 class=\"wp-block-heading\">\u00bfCu\u00e1ndo y d\u00f3nde se celebrar\u00e1 el pr\u00f3ximo ENETI?<\/h2>\n\n\n\n<div style=\"height:30px\" aria-hidden=\"true\" class=\"wp-block-spacer\"><\/div>\n\n\n\n<p>El XXIII Encuentro Nacional de Estudiantes de Traducci\u00f3n e Interpretaci\u00f3n se celebrar\u00e1 en la Universidad de Murcia los d\u00edas 16 y 17 de abril de 2026.&nbsp;<a href=\"https:\/\/enetiumu.wixsite.com\/eneti2026\">Haz clic aqu\u00ed<\/a>&nbsp;para acceder a su p\u00e1gina web.<\/p>\n\n    <\/div>\n<\/section>","protected":false},"excerpt":{"rendered":"","protected":false},"author":1,"featured_media":0,"parent":0,"menu_order":0,"comment_status":"closed","ping_status":"closed","template":"","meta":{"_acf_changed":false,"inline_featured_image":false,"footnotes":""},"class_list":["post-16","page","type-page","status-publish","hentry"],"acf":[],"_links":{"self":[{"href":"https:\/\/asociacionaeti.com\/ca\/wp-json\/wp\/v2\/pages\/16","targetHints":{"allow":["GET"]}}],"collection":[{"href":"https:\/\/asociacionaeti.com\/ca\/wp-json\/wp\/v2\/pages"}],"about":[{"href":"https:\/\/asociacionaeti.com\/ca\/wp-json\/wp\/v2\/types\/page"}],"author":[{"embeddable":true,"href":"https:\/\/asociacionaeti.com\/ca\/wp-json\/wp\/v2\/users\/1"}],"replies":[{"embeddable":true,"href":"https:\/\/asociacionaeti.com\/ca\/wp-json\/wp\/v2\/comments?post=16"}],"version-history":[{"count":6,"href":"https:\/\/asociacionaeti.com\/ca\/wp-json\/wp\/v2\/pages\/16\/revisions"}],"predecessor-version":[{"id":79,"href":"https:\/\/asociacionaeti.com\/ca\/wp-json\/wp\/v2\/pages\/16\/revisions\/79"}],"wp:attachment":[{"href":"https:\/\/asociacionaeti.com\/ca\/wp-json\/wp\/v2\/media?parent=16"}],"curies":[{"name":"wp","href":"https:\/\/api.w.org\/{rel}","templated":true}]}}