{"id":12,"date":"2024-07-05T18:00:23","date_gmt":"2024-07-05T16:00:23","guid":{"rendered":"https:\/\/asociacionaeti.com\/eu\/?page_id=12"},"modified":"2025-09-28T21:48:53","modified_gmt":"2025-09-28T19:48:53","slug":"teinteresa","status":"publish","type":"page","link":"https:\/\/asociacionaeti.com\/ca\/teinteresa\/","title":{"rendered":"TeInteresa"},"content":{"rendered":"<section class=\"seccion-presentacionrevista wp-block-aetiweb-blog-presentacion\">\n    <div class=\"presentacionrevista\"> \n        <div class=\"descripcionrevista\"> \n            <h1>La revista de AETI: TeInteresa<\/h1> \n            <p>TeInteresa es la revista de AETI en formato digital y presenta varios apartados: traducci\u00f3n, interpretaci\u00f3n, correcci\u00f3n, formaci\u00f3n, eventos y ENETI.<br><br>En ella se encuentran distintos art\u00edculos relacionados con nuestra profesi\u00f3n que consideramos de inter\u00e9s, as\u00ed como entrevistas a traductores\/as o an\u00e9cdotas de los eventos que organizamos.<br><br>Es una revista colaborativa escrita principalmente por la Comisi\u00f3n editorial. No obstante, t\u00fa tambi\u00e9n puedes participar; para ello,\u00a0<a href=\"https:\/\/asociacionaeti.com\/contacto\/\">cont\u00e1ctanos<\/a>.<\/p> \n        <\/div>\n    <\/div>\n<\/section>\n\n<section class=\"seccion-entradasblog wp-block-aetiweb-blog-galeria\">\n            <div class=\"contenedorloop\"> \n        <div class=\"seccionarticulos\"> \n                            <div class=\"contenedorarticulos\"> \n                                                                    <div id=\"post-81\" class=\"colarticulo post-81 post type-post status-publish format-standard has-post-thumbnail hentry category-formacio\"> \n                            <div class=\"articulo\"> \n                                <div class=\"articulotransparencia\"> <a href=\"https:\/\/asociacionaeti.com\/ca\/2025\/10\/07\/mes-enlla-de-bluebook-i-schumann\/\"><p>Formaci\u00f3<\/p><h2>M\u00e9s enll\u00e0 de Blue Book i Schumann<\/h2><\/a> \n                                <\/div>                                 \n                                <img decoding=\"async\" src=\"https:\/\/asociacionaeti.com\/ca\/wp-content\/uploads\/sites\/4\/2025\/10\/00_jovenes_europa.jpg\" class=\"attachment-large size-large wp-post-image\" alt=\"\" loading=\"lazy\" draggable=\"false\" srcset=\"https:\/\/asociacionaeti.com\/ca\/wp-content\/uploads\/sites\/4\/2025\/10\/00_jovenes_europa.jpg 612w, https:\/\/asociacionaeti.com\/ca\/wp-content\/uploads\/sites\/4\/2025\/10\/00_jovenes_europa-300x200.jpg 300w\" sizes=\"auto, (max-width: 612px) 100vw, 612px\" \/> \n                            <\/div>                             \n                        <\/div>\n                                         \n                <\/div>\n             \n        <\/div>         \n         \n    <\/div>\n<\/section>","protected":false},"excerpt":{"rendered":"","protected":false},"author":1,"featured_media":0,"parent":0,"menu_order":0,"comment_status":"closed","ping_status":"closed","template":"","meta":{"_acf_changed":false,"inline_featured_image":false,"footnotes":""},"class_list":["post-12","page","type-page","status-publish","hentry"],"acf":[],"_links":{"self":[{"href":"https:\/\/asociacionaeti.com\/ca\/wp-json\/wp\/v2\/pages\/12","targetHints":{"allow":["GET"]}}],"collection":[{"href":"https:\/\/asociacionaeti.com\/ca\/wp-json\/wp\/v2\/pages"}],"about":[{"href":"https:\/\/asociacionaeti.com\/ca\/wp-json\/wp\/v2\/types\/page"}],"author":[{"embeddable":true,"href":"https:\/\/asociacionaeti.com\/ca\/wp-json\/wp\/v2\/users\/1"}],"replies":[{"embeddable":true,"href":"https:\/\/asociacionaeti.com\/ca\/wp-json\/wp\/v2\/comments?post=12"}],"version-history":[{"count":1,"href":"https:\/\/asociacionaeti.com\/ca\/wp-json\/wp\/v2\/pages\/12\/revisions"}],"predecessor-version":[{"id":67,"href":"https:\/\/asociacionaeti.com\/ca\/wp-json\/wp\/v2\/pages\/12\/revisions\/67"}],"wp:attachment":[{"href":"https:\/\/asociacionaeti.com\/ca\/wp-json\/wp\/v2\/media?parent=12"}],"curies":[{"name":"wp","href":"https:\/\/api.w.org\/{rel}","templated":true}]}}